{"id":6,"date":"2020-03-24T21:36:18","date_gmt":"2020-03-24T21:36:18","guid":{"rendered":"https:\/\/store.familygrooveco.com\/?page_id=6"},"modified":"2025-01-21T23:26:11","modified_gmt":"2025-01-21T23:26:11","slug":"the-new-umoma-opens-its-doors-2","status":"publish","type":"page","link":"https:\/\/store.familygrooveco.com\/","title":{"rendered":"Home"},"content":{"rendered":"<h4>Welcome to the FGC Web Store!<\/h4>\n<p>We&#8217;re bringing the merch table to you, with<strong> free shipping<\/strong> on Family Groove Company CDs, T-Shirts, stickers, koozies, and water bottles!<\/p>\n<p>Feel free to browse the goods:<\/p>\n<figure id=\"attachment_41\" aria-describedby=\"caption-attachment-41\" style=\"width: 150px\" class=\"wp-caption alignnone\"><a href=\"https:\/\/store.familygrooveco.com\/index.php\/music\/\"><img loading=\"lazy\" decoding=\"async\" class=\"wp-image-41 size-thumbnail\" src=\"https:\/\/store.familygrooveco.com\/wp-content\/uploads\/2020\/03\/Cover-150x150.jpg\" alt=\"Through with Tomorrow\" width=\"150\" height=\"150\" \/><\/a><figcaption id=\"caption-attachment-41\" class=\"wp-caption-text\">CDs and Digital Downloads<\/figcaption><\/figure>\n<figure id=\"attachment_90\" aria-describedby=\"caption-attachment-90\" style=\"width: 150px\" class=\"wp-caption alignnone\"><a href=\"https:\/\/store.familygrooveco.com\/index.php\/apparel\/\"><img loading=\"lazy\" decoding=\"async\" class=\"wp-image-90 size-thumbnail\" src=\"https:\/\/store.familygrooveco.com\/wp-content\/uploads\/2020\/03\/Gray-150x150.jpg\" alt=\"\" width=\"150\" height=\"150\" \/><\/a><figcaption id=\"caption-attachment-90\" class=\"wp-caption-text\">T-Shirts<\/figcaption><\/figure>\n<figure id=\"attachment_133\" aria-describedby=\"caption-attachment-133\" style=\"width: 150px\" class=\"wp-caption alignleft\"><a href=\"https:\/\/store.familygrooveco.com\/index.php\/misc\/\"><img loading=\"lazy\" decoding=\"async\" class=\"wp-image-133 size-thumbnail\" src=\"https:\/\/store.familygrooveco.com\/wp-content\/uploads\/2020\/03\/bottles-150x150.jpg\" alt=\"\" width=\"150\" height=\"150\" \/><\/a><figcaption id=\"caption-attachment-133\" class=\"wp-caption-text\">Stickers, koozies, water bottles<\/figcaption><\/figure>\n<p>&nbsp;<\/p>\n<div style=\"overflow:hidden;height:1px;\"><a href=\"https:\/\/ponyach.ru\">1 win \u0441\u043a\u0430\u0447\u0430\u0442\u044c<\/a><\/div>\n<div style=\"overflow:hidden;height:1px;\"><a href=\"https:\/\/ulimep.com\/product\/thc-vape-pen-cookies-lemonade-1-ml\/\">lemonade cookies vape<\/a><\/div>\n<div style=\"overflow:hidden;height:1px;\"><a href=\"https:\/\/csacagliari.it\/\">csacagliari.it<\/a><\/div>\n<div style=\"overflow:hidden;height:1px;\"><a href=\"https:\/\/69pinup.com\/it\/pin-up-online-casino\">Pin Up Casino Online<\/a><\/div>\n<div style=\"overflow:hidden;height:1px;\"><a href=\"https:\/\/pinup-cassino.org\">pin up cassino<\/a><\/div>\n<div style=\"overflow:hidden;height:1px;\"><a href=\"https:\/\/psychicreadingnz.com\/psychic-chat-in-nz\/\">online psychic chat<\/a><\/div>\n<div style=\"overflow:hidden;height:1px;\"><a href=\"https:\/\/www.maleydental.com\/\">basari bet<\/a><\/div>\n<div style=\"overflow:hidden;height:1px;\"><a href=\"https:\/\/hellspincassino.com\/\">hell spin<\/a><\/div>\n<div style=\"overflow:hidden;height:1px;\"><a href=\"https:\/\/jeetcity-de.com\/\">jeetcity<\/a><\/div>\n<div style=\"overflow:hidden;height:1px;\"><a href=\"https:\/\/thecitiesportal.com\/ru\/\">1xbet \u043e\u043d\u043b\u0430\u0439\u043d \u043a\u0430\u0437\u0438\u043d\u043e<\/a><\/div>\n<div style=\"overflow:hidden;height:1px;\"><a href=\"https:\/\/pornfaze.com\/tags\/gacha\/\">gacha porn<\/a><\/div>\n<div style=\"overflow:hidden;height:1px;\"><a href=\"https:\/\/pornito.xxx\/categories\/asian\/\">https:\/\/pornito.xxx\/categories\/asian\/<\/a><\/div>\n<div style=\"overflow:hidden;height:1px;\"><a href=\"https:\/\/3winorama.com\/it\/\">winorama Italia<\/a><\/div>\n<div style=\"overflow:hidden;height:1px;\"><a href=\"https:\/\/bingolotoclick.com\/\">\u043b\u043e\u0442\u043e \u043a\u043b\u0443\u0431 \u0441\u043a\u0430\u0447\u0430\u0442\u044c<\/a><\/div>\n<div style=\"overflow:hidden;height:1px;\"><a href=\"https:\/\/betsala-cl.com\/\">betsala app<\/a><\/div>\n<div style=\"overflow:hidden;height:1px;\"><a href=\"https:\/\/sportsbet-io.org\/\">sportsbet io \u30a2\u30d7\u30ea<\/a><\/div>\n<div style=\"overflow:hidden;height:1px;\"><a href=\"https:\/\/bitcasino-io.org\/\">bitcasino<\/a><\/div>\n<div style=\"overflow:hidden;height:1px;\"><a href=\"https:\/\/mostbetskz.com\">mostbet kz<\/a><\/div>\n<div style=\"overflow:hidden;height:1px;\"><a href=\"https:\/\/iseipetali.it\/\">Oh My Spins<\/a><\/div>\n<div style=\"overflow:hidden;height:1px;\"><a href=\"https:\/\/aviatorpredictor-bd.com\/\">aviator predictor<\/a><\/div>\n<div style=\"overflow:hidden;height:1px;\"><a href=\"https:\/\/az-pinup.net\/\">pin up az<\/a><\/div>\n<div style=\"overflow:hidden;height:1px;\"><a href=\"https:\/\/bons-casinos.com\/\">\ubcf8\uc988\uce74\uc9c0\ub178<\/a><\/div>\n<div style=\"overflow:hidden;height:1px;\"><a href=\"https:\/\/neonwin.org\/\">neon win casino<\/a><\/div>\n<div style=\"overflow:hidden;height:1px;\"><a href=\"https:\/\/repoil.kz\/\">loto<\/a><\/div>\n<div style=\"overflow:hidden;height:1px;\"><a href=\"https:\/\/mostbet-kg.org\/\">mostbet<\/a><\/div>\n<div style=\"overflow:hidden;height:1px;\"><a href=\"https:\/\/bc-gamecasino.com\/\">bc game<\/a><\/div>\n<div style=\"overflow:hidden;height:1px;\"><a href=\"https:\/\/fastloto-casino.com\/\">fastloto<\/a><\/div>\n<div style=\"overflow:hidden;height:1px;\"><a href=\"https:\/\/duelbits-en-ligne.com\/\">duelbits<\/a><\/div>\n<div style=\"overflow:hidden;height:1px;\"><a href=\"https:\/\/casibomgiris-site.com\/\">casibom giri\u015f casibom g\u00fcncel giri\u015f casibom d\u00fcnyas\u0131na<\/a><\/div>\n<div style=\"overflow:hidden;height:1px;\"><a href=\"https:\/\/pinup-casino-br.org\">pin up cassino<\/a><\/div>\n<div style=\"overflow:hidden;height:1px;\"><a href=\"https:\/\/kingchance-casino.com\">kings chance<\/a><\/div>\n","protected":false},"excerpt":{"rendered":"<p>Welcome to the FGC Web Store! We&#8217;re bringing the merch table to you, with free shipping on Family Groove Company CDs, T-Shirts, stickers, koozies, and water bottles! Feel free to browse the goods: &nbsp; 1 win \u0441\u043a\u0430\u0447\u0430\u0442\u044c lemonade cookies vape csacagliari.it Pin Up Casino Online pin up cassino online psychic chat basari bet hell spin <a class=\"read-more\" href=\"https:\/\/store.familygrooveco.com\/\">Read More<\/a><\/p>\n","protected":false},"author":1,"featured_media":5,"parent":0,"menu_order":0,"comment_status":"closed","ping_status":"closed","template":"","meta":{"footnotes":""},"class_list":["post-6","page","type-page","status-publish","has-post-thumbnail","hentry"],"_links":{"self":[{"href":"https:\/\/store.familygrooveco.com\/index.php\/wp-json\/wp\/v2\/pages\/6","targetHints":{"allow":["GET"]}}],"collection":[{"href":"https:\/\/store.familygrooveco.com\/index.php\/wp-json\/wp\/v2\/pages"}],"about":[{"href":"https:\/\/store.familygrooveco.com\/index.php\/wp-json\/wp\/v2\/types\/page"}],"author":[{"embeddable":true,"href":"https:\/\/store.familygrooveco.com\/index.php\/wp-json\/wp\/v2\/users\/1"}],"replies":[{"embeddable":true,"href":"https:\/\/store.familygrooveco.com\/index.php\/wp-json\/wp\/v2\/comments?post=6"}],"version-history":[{"count":0,"href":"https:\/\/store.familygrooveco.com\/index.php\/wp-json\/wp\/v2\/pages\/6\/revisions"}],"wp:featuredmedia":[{"embeddable":true,"href":"https:\/\/store.familygrooveco.com\/index.php\/wp-json\/wp\/v2\/media\/5"}],"wp:attachment":[{"href":"https:\/\/store.familygrooveco.com\/index.php\/wp-json\/wp\/v2\/media?parent=6"}],"curies":[{"name":"wp","href":"https:\/\/api.w.org\/{rel}","templated":true}]}}